{"id":83,"date":"2025-09-01T12:35:35","date_gmt":"2025-09-01T10:35:35","guid":{"rendered":"https:\/\/lecoconblanc.fr\/?page_id=83"},"modified":"2025-10-09T16:52:27","modified_gmt":"2025-10-09T14:52:27","slug":"reserver","status":"publish","type":"page","link":"https:\/\/lecoconblanc.fr\/en\/reserver\/","title":{"rendered":"Book now"},"content":{"rendered":"","protected":false},"excerpt":{"rendered":"","protected":false},"author":1,"featured_media":0,"parent":0,"menu_order":0,"comment_status":"closed","ping_status":"closed","template":"full-width","meta":{"saved_in_kubio":true,"footnotes":""},"class_list":["post-83","page","type-page","status-publish","hentry"],"kubio_ai_page_context":{"short_desc":"","purpose":"general"},"yoast_head":"<!-- This site is optimized with the Yoast SEO plugin v27.4 - https:\/\/yoast.com\/product\/yoast-seo-wordpress\/ -->\n<title>R\u00e9servez votre logement meubl\u00e9 proche du centre \u00e0 Metz<\/title>\n<meta name=\"description\" content=\"R\u00e9servez directement votre appartement meubl\u00e9 T2 pour un court s\u00e9jour sur le site du Cocon Blanc. Meilleur tarif garanti.\" \/>\n<meta name=\"robots\" content=\"index, follow, max-snippet:-1, max-image-preview:large, max-video-preview:-1\" \/>\n<link rel=\"canonical\" href=\"https:\/\/lecoconblanc.fr\/en\/reserver\/\" \/>\n<meta property=\"og:locale\" content=\"en_GB\" \/>\n<meta property=\"og:type\" content=\"article\" \/>\n<meta property=\"og:title\" content=\"R\u00e9servez votre logement meubl\u00e9 proche du centre \u00e0 Metz\" \/>\n<meta property=\"og:description\" content=\"R\u00e9servez directement votre appartement meubl\u00e9 T2 pour un court s\u00e9jour sur le site du Cocon Blanc. Meilleur tarif garanti.\" \/>\n<meta property=\"og:url\" content=\"https:\/\/lecoconblanc.fr\/en\/reserver\/\" \/>\n<meta property=\"og:site_name\" content=\"Le Cocon Blanc - Metz, France\" \/>\n<meta property=\"article:modified_time\" content=\"2025-10-09T14:52:27+00:00\" \/>\n<meta name=\"twitter:card\" content=\"summary_large_image\" \/>\n<script type=\"application\/ld+json\" class=\"yoast-schema-graph\">{\"@context\":\"https:\\\/\\\/schema.org\",\"@graph\":[{\"@type\":[\"WebPage\",\"CheckoutPage\"],\"@id\":\"https:\\\/\\\/lecoconblanc.fr\\\/reserver\\\/\",\"url\":\"https:\\\/\\\/lecoconblanc.fr\\\/reserver\\\/\",\"name\":\"R\u00e9servez votre logement meubl\u00e9 proche du centre \u00e0 Metz\",\"isPartOf\":{\"@id\":\"https:\\\/\\\/lecoconblanc.fr\\\/#website\"},\"datePublished\":\"2025-09-01T10:35:35+00:00\",\"dateModified\":\"2025-10-09T14:52:27+00:00\",\"description\":\"R\u00e9servez directement votre appartement meubl\u00e9 T2 pour un court s\u00e9jour sur le site du Cocon Blanc. Meilleur tarif garanti.\",\"breadcrumb\":{\"@id\":\"https:\\\/\\\/lecoconblanc.fr\\\/reserver\\\/#breadcrumb\"},\"inLanguage\":\"en-GB\",\"potentialAction\":[{\"@type\":\"ReadAction\",\"target\":[\"https:\\\/\\\/lecoconblanc.fr\\\/reserver\\\/\"]}]},{\"@type\":\"BreadcrumbList\",\"@id\":\"https:\\\/\\\/lecoconblanc.fr\\\/reserver\\\/#breadcrumb\",\"itemListElement\":[{\"@type\":\"ListItem\",\"position\":1,\"name\":\"Accueil\",\"item\":\"https:\\\/\\\/lecoconblanc.fr\\\/\"},{\"@type\":\"ListItem\",\"position\":2,\"name\":\"R\u00e9server\"}]},{\"@type\":\"WebSite\",\"@id\":\"https:\\\/\\\/lecoconblanc.fr\\\/#website\",\"url\":\"https:\\\/\\\/lecoconblanc.fr\\\/\",\"name\":\"Le Cocon Blanc - Metz, France\",\"description\":\"Appartement lumineux et confortable \u00e0 Metz parking inclus\",\"publisher\":{\"@id\":\"https:\\\/\\\/lecoconblanc.fr\\\/#organization\"},\"potentialAction\":[{\"@type\":\"SearchAction\",\"target\":{\"@type\":\"EntryPoint\",\"urlTemplate\":\"https:\\\/\\\/lecoconblanc.fr\\\/?s={search_term_string}\"},\"query-input\":{\"@type\":\"PropertyValueSpecification\",\"valueRequired\":true,\"valueName\":\"search_term_string\"}}],\"inLanguage\":\"en-GB\"},{\"@type\":\"Organization\",\"@id\":\"https:\\\/\\\/lecoconblanc.fr\\\/#organization\",\"name\":\"Le Cocon Blanc - Metz, France\",\"url\":\"https:\\\/\\\/lecoconblanc.fr\\\/\",\"logo\":{\"@type\":\"ImageObject\",\"inLanguage\":\"en-GB\",\"@id\":\"https:\\\/\\\/lecoconblanc.fr\\\/#\\\/schema\\\/logo\\\/image\\\/\",\"url\":\"https:\\\/\\\/lecoconblanc.fr\\\/wp-content\\\/uploads\\\/2025\\\/09\\\/Logo_Cocon_Blanc02.png\",\"contentUrl\":\"https:\\\/\\\/lecoconblanc.fr\\\/wp-content\\\/uploads\\\/2025\\\/09\\\/Logo_Cocon_Blanc02.png\",\"width\":272,\"height\":272,\"caption\":\"Le Cocon Blanc - Metz, France\"},\"image\":{\"@id\":\"https:\\\/\\\/lecoconblanc.fr\\\/#\\\/schema\\\/logo\\\/image\\\/\"}}]}<\/script>\n<!-- \/ Yoast SEO plugin. -->","yoast_head_json":{"title":"R\u00e9servez votre logement meubl\u00e9 proche du centre \u00e0 Metz","description":"R\u00e9servez directement votre appartement meubl\u00e9 T2 pour un court s\u00e9jour sur le site du Cocon Blanc. Meilleur tarif garanti.","robots":{"index":"index","follow":"follow","max-snippet":"max-snippet:-1","max-image-preview":"max-image-preview:large","max-video-preview":"max-video-preview:-1"},"canonical":"https:\/\/lecoconblanc.fr\/en\/reserver\/","og_locale":"en_GB","og_type":"article","og_title":"R\u00e9servez votre logement meubl\u00e9 proche du centre \u00e0 Metz","og_description":"R\u00e9servez directement votre appartement meubl\u00e9 T2 pour un court s\u00e9jour sur le site du Cocon Blanc. Meilleur tarif garanti.","og_url":"https:\/\/lecoconblanc.fr\/en\/reserver\/","og_site_name":"Le Cocon Blanc - Metz, France","article_modified_time":"2025-10-09T14:52:27+00:00","twitter_card":"summary_large_image","schema":{"@context":"https:\/\/schema.org","@graph":[{"@type":["WebPage","CheckoutPage"],"@id":"https:\/\/lecoconblanc.fr\/reserver\/","url":"https:\/\/lecoconblanc.fr\/reserver\/","name":"R\u00e9servez votre logement meubl\u00e9 proche du centre \u00e0 Metz","isPartOf":{"@id":"https:\/\/lecoconblanc.fr\/#website"},"datePublished":"2025-09-01T10:35:35+00:00","dateModified":"2025-10-09T14:52:27+00:00","description":"R\u00e9servez directement votre appartement meubl\u00e9 T2 pour un court s\u00e9jour sur le site du Cocon Blanc. Meilleur tarif garanti.","breadcrumb":{"@id":"https:\/\/lecoconblanc.fr\/reserver\/#breadcrumb"},"inLanguage":"en-GB","potentialAction":[{"@type":"ReadAction","target":["https:\/\/lecoconblanc.fr\/reserver\/"]}]},{"@type":"BreadcrumbList","@id":"https:\/\/lecoconblanc.fr\/reserver\/#breadcrumb","itemListElement":[{"@type":"ListItem","position":1,"name":"Accueil","item":"https:\/\/lecoconblanc.fr\/"},{"@type":"ListItem","position":2,"name":"R\u00e9server"}]},{"@type":"WebSite","@id":"https:\/\/lecoconblanc.fr\/#website","url":"https:\/\/lecoconblanc.fr\/","name":"Le Cocon Blanc - Metz, France","description":"Appartement lumineux et confortable \u00e0 Metz parking inclus","publisher":{"@id":"https:\/\/lecoconblanc.fr\/#organization"},"potentialAction":[{"@type":"SearchAction","target":{"@type":"EntryPoint","urlTemplate":"https:\/\/lecoconblanc.fr\/?s={search_term_string}"},"query-input":{"@type":"PropertyValueSpecification","valueRequired":true,"valueName":"search_term_string"}}],"inLanguage":"en-GB"},{"@type":"Organization","@id":"https:\/\/lecoconblanc.fr\/#organization","name":"Le Cocon Blanc - Metz, France","url":"https:\/\/lecoconblanc.fr\/","logo":{"@type":"ImageObject","inLanguage":"en-GB","@id":"https:\/\/lecoconblanc.fr\/#\/schema\/logo\/image\/","url":"https:\/\/lecoconblanc.fr\/wp-content\/uploads\/2025\/09\/Logo_Cocon_Blanc02.png","contentUrl":"https:\/\/lecoconblanc.fr\/wp-content\/uploads\/2025\/09\/Logo_Cocon_Blanc02.png","width":272,"height":272,"caption":"Le Cocon Blanc - Metz, France"},"image":{"@id":"https:\/\/lecoconblanc.fr\/#\/schema\/logo\/image\/"}}]}},"_links":{"self":[{"href":"https:\/\/lecoconblanc.fr\/en\/wp-json\/wp\/v2\/pages\/83","targetHints":{"allow":["GET"]}}],"collection":[{"href":"https:\/\/lecoconblanc.fr\/en\/wp-json\/wp\/v2\/pages"}],"about":[{"href":"https:\/\/lecoconblanc.fr\/en\/wp-json\/wp\/v2\/types\/page"}],"author":[{"embeddable":true,"href":"https:\/\/lecoconblanc.fr\/en\/wp-json\/wp\/v2\/users\/1"}],"replies":[{"embeddable":true,"href":"https:\/\/lecoconblanc.fr\/en\/wp-json\/wp\/v2\/comments?post=83"}],"version-history":[{"count":2,"href":"https:\/\/lecoconblanc.fr\/en\/wp-json\/wp\/v2\/pages\/83\/revisions"}],"predecessor-version":[{"id":247,"href":"https:\/\/lecoconblanc.fr\/en\/wp-json\/wp\/v2\/pages\/83\/revisions\/247"}],"wp:attachment":[{"href":"https:\/\/lecoconblanc.fr\/en\/wp-json\/wp\/v2\/media?parent=83"}],"curies":[{"name":"wp","href":"https:\/\/api.w.org\/{rel}","templated":true}]}}