{"id":8,"date":"2025-09-01T12:13:02","date_gmt":"2025-09-01T10:13:02","guid":{"rendered":"https:\/\/lecoconblanc.fr\/front_page\/"},"modified":"2026-04-06T16:34:56","modified_gmt":"2026-04-06T14:34:56","slug":"accueil","status":"publish","type":"page","link":"https:\/\/lecoconblanc.fr\/en\/","title":{"rendered":"Home"},"content":{"rendered":"<p>\ud83d\udccd Find us easily in Metz!<\/p>\n<p><iframe src=\"https:\/\/www.google.com\/maps\/embed?pb=!1m18!1m12!1m3!1d2624.123456789!2d6.1654321!3d49.1198765!2m3!1f0!2f0!3f0!3m2!1i1024!2i768!4f13.1!3m3!1m2!1s0x47953e123456789%3A0xabcdef123456789!2s14%20Rue%20de%20Belchamps%2C%2057000%20Metz!5e0!3m2!1sfr!2sfr!4v1699999999999!5m2!1sfr!2sfr\" width=\"100%\" height=\"300\" style=\"border:0;\" allowfullscreen=\"\" loading=\"lazy\" referrerpolicy=\"no-referrer-when-downgrade\"><\/iframe><br \/>\n<br \/>\n<a href=\"https:\/\/www.google.com\/maps\/dir\/?api=1&#038;destination=14+rue+de+Belchamps+Metz\" target=\"_blank\" style=\"display:inline-block;padding:10px 20px;background-color:#ff6f61;color:#fff;text-decoration:none;border-radius:5px;font-weight:bold;\">\ud83d\udccd Get directions<\/a><\/p>","protected":false},"excerpt":{"rendered":"<p>\ud83d\udccd Retrouvez-nous facilement \u00e0 Metz ! \ud83d\udccd Obtenir l\u2019itin\u00e9raire<\/p>","protected":false},"author":1,"featured_media":0,"parent":0,"menu_order":0,"comment_status":"closed","ping_status":"closed","template":"","meta":{"saved_in_kubio":true,"footnotes":""},"class_list":["post-8","page","type-page","status-publish","hentry"],"kubio_ai_page_context":{"short_desc":"","purpose":"general","isFrontPage":true},"yoast_head":"<!-- This site is optimized with the Yoast SEO plugin v27.4 - https:\/\/yoast.com\/product\/yoast-seo-wordpress\/ -->\n<title>Le Cocon Blanc Metz - H\u00e9bergement courte dur\u00e9e parking gratuit<\/title>\n<meta name=\"description\" content=\"D\u00e9placement pro, s\u00e9jour touristique ou \u00e9v\u00e9nement familial ? Cet appartement meubl\u00e9 avec parking inclus id\u00e9alement situ\u00e9 \u00e0 Metz vous attend.\" \/>\n<meta name=\"robots\" content=\"index, follow, max-snippet:-1, max-image-preview:large, max-video-preview:-1\" \/>\n<link rel=\"canonical\" href=\"https:\/\/lecoconblanc.fr\/en\/\" \/>\n<meta property=\"og:locale\" content=\"en_GB\" \/>\n<meta property=\"og:type\" content=\"article\" \/>\n<meta property=\"og:title\" content=\"Le Cocon Blanc Metz - H\u00e9bergement courte dur\u00e9e parking gratuit\" \/>\n<meta property=\"og:description\" content=\"D\u00e9placement pro, s\u00e9jour touristique ou \u00e9v\u00e9nement familial ? Cet appartement meubl\u00e9 avec parking inclus id\u00e9alement situ\u00e9 \u00e0 Metz vous attend.\" \/>\n<meta property=\"og:url\" content=\"https:\/\/lecoconblanc.fr\/en\/\" \/>\n<meta property=\"og:site_name\" content=\"Le Cocon Blanc - Metz, France\" \/>\n<meta property=\"article:modified_time\" content=\"2026-04-06T14:34:56+00:00\" \/>\n<meta name=\"twitter:card\" content=\"summary_large_image\" \/>\n<meta name=\"twitter:label1\" content=\"Estimated reading time\" \/>\n\t<meta name=\"twitter:data1\" content=\"5 minutes\" \/>\n<script type=\"application\/ld+json\" class=\"yoast-schema-graph\">{\"@context\":\"https:\\\/\\\/schema.org\",\"@graph\":[{\"@type\":[\"WebPage\",\"SearchResultsPage\"],\"@id\":\"https:\\\/\\\/lecoconblanc.fr\\\/\",\"url\":\"https:\\\/\\\/lecoconblanc.fr\\\/\",\"name\":\"Le Cocon Blanc Metz - H\u00e9bergement courte dur\u00e9e parking gratuit\",\"isPartOf\":{\"@id\":\"https:\\\/\\\/lecoconblanc.fr\\\/#website\"},\"datePublished\":\"2025-09-01T10:13:02+00:00\",\"dateModified\":\"2026-04-06T14:34:56+00:00\",\"description\":\"D\u00e9placement pro, s\u00e9jour touristique ou \u00e9v\u00e9nement familial ? Cet appartement meubl\u00e9 avec parking inclus id\u00e9alement situ\u00e9 \u00e0 Metz vous attend.\",\"breadcrumb\":{\"@id\":\"https:\\\/\\\/lecoconblanc.fr\\\/#breadcrumb\"},\"inLanguage\":\"en-GB\",\"potentialAction\":[{\"@type\":\"ReadAction\",\"target\":[\"https:\\\/\\\/lecoconblanc.fr\\\/\"]}]},{\"@type\":\"BreadcrumbList\",\"@id\":\"https:\\\/\\\/lecoconblanc.fr\\\/#breadcrumb\",\"itemListElement\":[{\"@type\":\"ListItem\",\"position\":1,\"name\":\"Accueil\",\"item\":\"https:\\\/\\\/lecoconblanc.fr\\\/\"},{\"@type\":\"ListItem\",\"position\":2,\"name\":\"Accueil\"}]},{\"@type\":\"WebSite\",\"@id\":\"https:\\\/\\\/lecoconblanc.fr\\\/#website\",\"url\":\"https:\\\/\\\/lecoconblanc.fr\\\/\",\"name\":\"Le Cocon Blanc - Metz, France\",\"description\":\"Appartement lumineux et confortable \u00e0 Metz parking inclus\",\"publisher\":{\"@id\":\"https:\\\/\\\/lecoconblanc.fr\\\/#organization\"},\"potentialAction\":[{\"@type\":\"SearchAction\",\"target\":{\"@type\":\"EntryPoint\",\"urlTemplate\":\"https:\\\/\\\/lecoconblanc.fr\\\/?s={search_term_string}\"},\"query-input\":{\"@type\":\"PropertyValueSpecification\",\"valueRequired\":true,\"valueName\":\"search_term_string\"}}],\"inLanguage\":\"en-GB\"},{\"@type\":\"Organization\",\"@id\":\"https:\\\/\\\/lecoconblanc.fr\\\/#organization\",\"name\":\"Le Cocon Blanc - Metz, France\",\"url\":\"https:\\\/\\\/lecoconblanc.fr\\\/\",\"logo\":{\"@type\":\"ImageObject\",\"inLanguage\":\"en-GB\",\"@id\":\"https:\\\/\\\/lecoconblanc.fr\\\/#\\\/schema\\\/logo\\\/image\\\/\",\"url\":\"https:\\\/\\\/lecoconblanc.fr\\\/wp-content\\\/uploads\\\/2025\\\/09\\\/Logo_Cocon_Blanc02.png\",\"contentUrl\":\"https:\\\/\\\/lecoconblanc.fr\\\/wp-content\\\/uploads\\\/2025\\\/09\\\/Logo_Cocon_Blanc02.png\",\"width\":272,\"height\":272,\"caption\":\"Le Cocon Blanc - Metz, France\"},\"image\":{\"@id\":\"https:\\\/\\\/lecoconblanc.fr\\\/#\\\/schema\\\/logo\\\/image\\\/\"}}]}<\/script>\n<!-- \/ Yoast SEO plugin. -->","yoast_head_json":{"title":"Le Cocon Blanc Metz - H\u00e9bergement courte dur\u00e9e parking gratuit","description":"D\u00e9placement pro, s\u00e9jour touristique ou \u00e9v\u00e9nement familial ? Cet appartement meubl\u00e9 avec parking inclus id\u00e9alement situ\u00e9 \u00e0 Metz vous attend.","robots":{"index":"index","follow":"follow","max-snippet":"max-snippet:-1","max-image-preview":"max-image-preview:large","max-video-preview":"max-video-preview:-1"},"canonical":"https:\/\/lecoconblanc.fr\/en\/","og_locale":"en_GB","og_type":"article","og_title":"Le Cocon Blanc Metz - H\u00e9bergement courte dur\u00e9e parking gratuit","og_description":"D\u00e9placement pro, s\u00e9jour touristique ou \u00e9v\u00e9nement familial ? Cet appartement meubl\u00e9 avec parking inclus id\u00e9alement situ\u00e9 \u00e0 Metz vous attend.","og_url":"https:\/\/lecoconblanc.fr\/en\/","og_site_name":"Le Cocon Blanc - Metz, France","article_modified_time":"2026-04-06T14:34:56+00:00","twitter_card":"summary_large_image","twitter_misc":{"Estimated reading time":"5 minutes"},"schema":{"@context":"https:\/\/schema.org","@graph":[{"@type":["WebPage","SearchResultsPage"],"@id":"https:\/\/lecoconblanc.fr\/","url":"https:\/\/lecoconblanc.fr\/","name":"Le Cocon Blanc Metz - H\u00e9bergement courte dur\u00e9e parking gratuit","isPartOf":{"@id":"https:\/\/lecoconblanc.fr\/#website"},"datePublished":"2025-09-01T10:13:02+00:00","dateModified":"2026-04-06T14:34:56+00:00","description":"D\u00e9placement pro, s\u00e9jour touristique ou \u00e9v\u00e9nement familial ? Cet appartement meubl\u00e9 avec parking inclus id\u00e9alement situ\u00e9 \u00e0 Metz vous attend.","breadcrumb":{"@id":"https:\/\/lecoconblanc.fr\/#breadcrumb"},"inLanguage":"en-GB","potentialAction":[{"@type":"ReadAction","target":["https:\/\/lecoconblanc.fr\/"]}]},{"@type":"BreadcrumbList","@id":"https:\/\/lecoconblanc.fr\/#breadcrumb","itemListElement":[{"@type":"ListItem","position":1,"name":"Accueil","item":"https:\/\/lecoconblanc.fr\/"},{"@type":"ListItem","position":2,"name":"Accueil"}]},{"@type":"WebSite","@id":"https:\/\/lecoconblanc.fr\/#website","url":"https:\/\/lecoconblanc.fr\/","name":"Le Cocon Blanc - Metz, France","description":"Appartement lumineux et confortable \u00e0 Metz parking inclus","publisher":{"@id":"https:\/\/lecoconblanc.fr\/#organization"},"potentialAction":[{"@type":"SearchAction","target":{"@type":"EntryPoint","urlTemplate":"https:\/\/lecoconblanc.fr\/?s={search_term_string}"},"query-input":{"@type":"PropertyValueSpecification","valueRequired":true,"valueName":"search_term_string"}}],"inLanguage":"en-GB"},{"@type":"Organization","@id":"https:\/\/lecoconblanc.fr\/#organization","name":"Le Cocon Blanc - Metz, France","url":"https:\/\/lecoconblanc.fr\/","logo":{"@type":"ImageObject","inLanguage":"en-GB","@id":"https:\/\/lecoconblanc.fr\/#\/schema\/logo\/image\/","url":"https:\/\/lecoconblanc.fr\/wp-content\/uploads\/2025\/09\/Logo_Cocon_Blanc02.png","contentUrl":"https:\/\/lecoconblanc.fr\/wp-content\/uploads\/2025\/09\/Logo_Cocon_Blanc02.png","width":272,"height":272,"caption":"Le Cocon Blanc - Metz, France"},"image":{"@id":"https:\/\/lecoconblanc.fr\/#\/schema\/logo\/image\/"}}]}},"_links":{"self":[{"href":"https:\/\/lecoconblanc.fr\/en\/wp-json\/wp\/v2\/pages\/8","targetHints":{"allow":["GET"]}}],"collection":[{"href":"https:\/\/lecoconblanc.fr\/en\/wp-json\/wp\/v2\/pages"}],"about":[{"href":"https:\/\/lecoconblanc.fr\/en\/wp-json\/wp\/v2\/types\/page"}],"author":[{"embeddable":true,"href":"https:\/\/lecoconblanc.fr\/en\/wp-json\/wp\/v2\/users\/1"}],"replies":[{"embeddable":true,"href":"https:\/\/lecoconblanc.fr\/en\/wp-json\/wp\/v2\/comments?post=8"}],"version-history":[{"count":89,"href":"https:\/\/lecoconblanc.fr\/en\/wp-json\/wp\/v2\/pages\/8\/revisions"}],"predecessor-version":[{"id":962,"href":"https:\/\/lecoconblanc.fr\/en\/wp-json\/wp\/v2\/pages\/8\/revisions\/962"}],"wp:attachment":[{"href":"https:\/\/lecoconblanc.fr\/en\/wp-json\/wp\/v2\/media?parent=8"}],"curies":[{"name":"wp","href":"https:\/\/api.w.org\/{rel}","templated":true}]}}